{"id":1216,"date":"2012-01-07T20:36:21","date_gmt":"2012-01-07T20:36:21","guid":{"rendered":"http:\/\/themes.goodlayers.com\/modernize\/?page_id=1216"},"modified":"2024-08-07T14:26:24","modified_gmt":"2024-08-07T14:26:24","slug":"page-builder-2","status":"publish","type":"page","link":"https:\/\/hofgardur.is\/?page_id=1216","title":{"rendered":"Nemendur"},"content":{"rendered":"<h1 class=\"titill\">Nemendur<\/h1>\n<div class=\"titill\"><\/div>\n<p>Sk\u00f3la\u00e1ri\u00f0 2024-2025 eru 4 nemendur \u00ed grunnsk\u00f3lanum \u00ed 2.-6. bekk og \u00ed leiksk\u00f3ladeildinni eru 5 b\u00f6rn. Sk\u00f3linn er samrekinn leik- og grunnsk\u00f3li.<\/p>\n<p>\u00cd gegnum t\u00ed\u00f0ina hefur nemendafj\u00f6ldi sveiflast, stundum koma fj\u00f6lmennir \u00e1rgangar og inn \u00e1 milli koma \u00e1r \u00fear sem enginn nemandi b\u00e6tist \u00ed sk\u00f3lah\u00f3pinn. S\u00e9u nemendalistar margra \u00e1ra sko\u00f0a\u00f0ir, kemur \u00ed lj\u00f3s a\u00f0 oft hefur fj\u00f6ldinn veri\u00f0 \u00ed kringum t\u00edu og alltaf eru mismargir \u00ed hverjum \u00e1rgangi.<\/p>\n","protected":false},"excerpt":{"rendered":"<p>Nemendur Sk\u00f3la\u00e1ri\u00f0 2024-2025 eru 4 nemendur \u00ed grunnsk\u00f3lanum \u00ed 2.-6. bekk og \u00ed leiksk\u00f3ladeildinni eru 5 b\u00f6rn. Sk\u00f3linn er samrekinn leik- og grunnsk\u00f3li. \u00cd gegnum t\u00ed\u00f0ina hefur nemendafj\u00f6ldi sveiflast, stundum koma fj\u00f6lmennir \u00e1rgangar og inn \u00e1 milli koma \u00e1r \u00fear sem enginn nemandi b\u00e6tist \u00ed sk\u00f3lah\u00f3pinn. S\u00e9u nemendalistar margra \u00e1ra sko\u00f0a\u00f0ir, kemur \u00ed lj\u00f3s a\u00f0 oft hefur fj\u00f6ldinn veri\u00f0 \u00ed kringum t\u00edu og alltaf eru mismargir \u00ed hverjum \u00e1rgangi.<\/p>\n","protected":false},"author":1,"featured_media":0,"parent":0,"menu_order":5,"comment_status":"open","ping_status":"closed","template":"","meta":[],"_links":{"self":[{"href":"https:\/\/hofgardur.is\/index.php?rest_route=\/wp\/v2\/pages\/1216"}],"collection":[{"href":"https:\/\/hofgardur.is\/index.php?rest_route=\/wp\/v2\/pages"}],"about":[{"href":"https:\/\/hofgardur.is\/index.php?rest_route=\/wp\/v2\/types\/page"}],"author":[{"embeddable":true,"href":"https:\/\/hofgardur.is\/index.php?rest_route=\/wp\/v2\/users\/1"}],"replies":[{"embeddable":true,"href":"https:\/\/hofgardur.is\/index.php?rest_route=%2Fwp%2Fv2%2Fcomments&post=1216"}],"version-history":[{"count":33,"href":"https:\/\/hofgardur.is\/index.php?rest_route=\/wp\/v2\/pages\/1216\/revisions"}],"predecessor-version":[{"id":4988,"href":"https:\/\/hofgardur.is\/index.php?rest_route=\/wp\/v2\/pages\/1216\/revisions\/4988"}],"wp:attachment":[{"href":"https:\/\/hofgardur.is\/index.php?rest_route=%2Fwp%2Fv2%2Fmedia&parent=1216"}],"curies":[{"name":"wp","href":"https:\/\/api.w.org\/{rel}","templated":true}]}}