{"id":2736,"date":"2012-11-11T15:46:50","date_gmt":"2012-11-11T15:46:50","guid":{"rendered":"http:\/\/nordicasoftware.com\/?page_id=2736"},"modified":"2019-11-05T14:15:14","modified_gmt":"2019-11-05T14:15:14","slug":"saga-skolans","status":"publish","type":"page","link":"https:\/\/hofgardur.is\/?page_id=2736","title":{"rendered":"Saga sk\u00f3lans"},"content":{"rendered":"<h1 class=\"titill\">Saga sk\u00f3lans<\/h1>\n<div class=\"titill\"><\/div>\n<p>\u00d3formleg barnakennsla h\u00f3fst h\u00e9r \u00ed \u00d6r\u00e6fum \u00e1ri\u00f0 1888 en formlegur barnask\u00f3li \u00ed sveitinni h\u00f3fst \u00e1ri\u00f0 1891 og hefur starfa\u00f0 a\u00f0 mestu samfellt s\u00ed\u00f0an.<\/p>\n<p>Sk\u00f3linn var me\u00f0 farsk\u00f3lafyrirkomulagi fram til \u00e1rsins 1948. Haf\u00f0i hann \u00fe\u00e1 lengi veri\u00f0 me\u00f0 6 m\u00e1na\u00f0a starfst\u00edma \u00e1 \u00e1ri, en tv\u00edskiptur, \u00feannig a\u00f0 n\u00e1mst\u00edmi hvers nemanda var 3 m\u00e1nu\u00f0ir. \u00c1ri\u00f0 1948 var farsk\u00f3linn lag\u00f0ur ni\u00f0ur og tekinn upp fastur sk\u00f3li \u00e1 Hofi \u00ed n\u00fdju fundarh\u00fasi \u00e1 Grundinni \u00e1 Hofi sem einnig var f\u00e9lagsheimili sveitarinnar. \u00cd daglegu tali var sk\u00f3linn nefndur Hofssk\u00f3li. 30. n\u00f3vember 1985 var n\u00fdbygg\u00f0ur Hofgar\u00f0ur v\u00edg\u00f0ur, og sk\u00f3lastarfsemin flutt \u00feanga\u00f0. Flj\u00f3tlega hlaut sk\u00f3linn formlegt nafn, Grunnsk\u00f3linn \u00ed Hofgar\u00f0i. Hofgar\u00f0ur er jafnframt f\u00e9lagsheimili sveitarinnar og h\u00fdsir \u00fdmsa starfsemi, m.a. heilsug\u00e6slusel og b\u00f3kasafn.<\/p>\n<p>Fram til \u00e1rsins 1965 komu b\u00f6rnin a\u00f0 jafna\u00f0i ekki fyrr en 10 \u00e1ra \u00ed sk\u00f3lann. Fr\u00e6\u00f0sluskylda haf\u00f0i \u00fe\u00f3 alllengi veri\u00f0 mi\u00f0u\u00f0 vi\u00f0 7 \u00e1ra aldur. B\u00f6rn 7-10 \u00e1ra nutu heiman\u00e1ms og m\u00e6ttu til vorpr\u00f3fs. Samg\u00f6ngur voru ekki au\u00f0veldar um sveitina \u00e1 \u00feessum t\u00edma, og \u00feau sk\u00f3lab\u00f6rn, sem \u00e1ttu heima annars sta\u00f0ar en \u00e1 Hofi voru vistu\u00f0 \u00fear \u00e1 b\u00e6jum, en heimavist var aldrei vi\u00f0 sk\u00f3lann. Upp \u00far 1960 var tekinn upp daglegur akstur til og fr\u00e1 sk\u00f3la, \u00fe\u00f3 ekki fr\u00e1 Skaftafelli fyrr en 1969.<\/p>\n<p>\u00c1 \u00e1runum 1950-1964 var unglingadeild vi\u00f0 sk\u00f3lann hluta \u00far vetri, \u00fear sem kenndar voru valdar n\u00e1msgreinar, a\u00f0allega \u00edslenska og reikningur, og stundum handverk.<\/p>\n<p>Fullna\u00f0arpr\u00f3fi\u00f0 gilti sem lokapr\u00f3f \u00far sk\u00f3lanum til vorsins 1969, en nemendur t\u00f3ku \u00fea\u00f0 fermingarvori\u00f0, 14 \u00e1ra. Eftir 1969 gilti barnapr\u00f3f, sem nemendur t\u00f3ku 13 \u00e1ra og svo t\u00f3k Nesjask\u00f3li vi\u00f0, sem unglingask\u00f3li fyrir alla sveitahreppa \u00ed Austur-Skaftafellss\u00fdslu me\u00f0 1. og 2. bekk, sem jafngiltu 8. og 9. bekk eftir a\u00f0 bekkjarskipulaginu var breytt, og grunnsk\u00f3linn var ger\u00f0ur a\u00f0 10 bekkjum \u00ed samfelldu n\u00e1mi. H\u00e9lst s\u00fa skipan a\u00f0 nemendur \u00far \u00d6r\u00e6fum t\u00e6kju unglingabekkina \u00ed Nesjask\u00f3la \u00fear til \u00fe\u00e6r breytingar ur\u00f0u \u00ed Hornafir\u00f0i 1996 a\u00f0 Heppusk\u00f3li anna\u00f0ist menntun allra unglinga s\u00fdslunnar. Unglingarnir \u00far sveitunum h\u00f6f\u00f0u \u00e1fram a\u00f0gang a\u00f0 heimavist \u00ed Nesjask\u00f3la en voru \u00ed daglegum akstri \u00ed Heppusk\u00f3la. Heimavistin var flutt \u00e1 H\u00f6fn \u00e1ri\u00f0 2005 og starfa\u00f0i til \u00e1rsins 2012, \u00fe\u00e1 var h\u00fan l\u00f6g\u00f0 ni\u00f0ur. Eftir \u00fea\u00f0 hafa nemendur \u00far \u00d6r\u00e6fum \u00e1tt kost \u00e1 vistunar\u00farr\u00e6\u00f0um \u00e1 heimilum H\u00f6fn \u00e1 vegum Grunnsk\u00f3la Hornafjar\u00f0ar, sem var\u00f0 til vi\u00f0 sameiningu Hafnarsk\u00f3la og Heppusk\u00f3la \u00e1 H\u00f6fn.<\/p>\n<p>Leiksk\u00f3ladeild var starfr\u00e6kt \u00ed Hofgar\u00f0i fr\u00e1 \u00e1rinu 1992, fyrst \u00e1 vegum foreldra en s\u00ed\u00f0ar sem ein deild \u00ed Grunnsk\u00f3lanum \u00ed Hofgar\u00f0i. Hl\u00e9 var\u00f0 \u00e1 starfsemi leiksk\u00f3lans fr\u00e1 sk\u00f3la\u00e1rinu 2009-10 \u00fev\u00ed \u00fe\u00e1 voru engin b\u00f6rn \u00e1 leiksk\u00f3laaldri b\u00fasett \u00ed \u00d6r\u00e6fum. Hausti\u00f0 2016 t\u00f3k leiksk\u00f3ladeildin aftur til starfa og f\u00e9kk leiksk\u00f3linn nafni\u00f0 Lambhagi.<\/p>\n<p>Fr\u00e1 \u00fev\u00ed byrja\u00f0 var a\u00f0 kenna \u00ed Hofgar\u00f0i, hefur m\u00f6tuneyti veri\u00f0 starfr\u00e6kt vi\u00f0 grunnsk\u00f3lann og fr\u00e1 2004 einnig fyrir leiksk\u00f3ladeild \u00feegar h\u00fan er. Eftir a\u00f0 sund var\u00f0 skyldun\u00e1msgrein \u00ed barnask\u00f3lum, kenndi P\u00e1ll Bj\u00f6rnsson \u00e1 Fagurh\u00f3lsm\u00fdri sund \u00ed nokkur \u00e1r \u00ed heimasundlaug. S\u00ed\u00f0ar s\u00f3ttu nemendur sundn\u00e1mskei\u00f0 lengst af til Hafnar, en vori\u00f0 1986 s\u00f3ttu nemendur \u00ed fyrsta sinn sundn\u00e1mskei\u00f0 \u00e1 Kirkjub\u00e6jarklaustri og var \u00fe\u00e1 eki\u00f0 fram og til baka. \u00c1ri\u00f0 1994 var komi\u00f0 upp sundlaug \u00ed Sv\u00ednafelli, Flosalaug, og var h\u00fan starfr\u00e6kt til haustsins 2010. \u00c1 \u00fev\u00ed t\u00edmabili hafa nemendur l\u00e6rt sund \u00fear hj\u00e1 a\u00f0komusundkennara. \u00deegar t\u00e6kif\u00e6ri gefast er fari\u00f0 \u00ed sund me\u00f0 sk\u00f3lab\u00f6rnin \u00e1 \u00f6\u00f0rum t\u00edma. S\u00ed\u00f0an vori\u00f0 2011 hefur sundi\u00f0 veri\u00f0 kennt \u00e1 n\u00e1mskei\u00f0i \u00e1 H\u00f6fn.<\/p>\n<p>\u00c1vallt hefur veri\u00f0 gott samstarf milli sk\u00f3lans annars vegar og foreldra og annarra sveitunga hins vegar. F\u00e9lagsl\u00edf sk\u00f3lans hefur noti\u00f0 g\u00f3\u00f0s af \u00feessu samstarfi og margir \u00edb\u00faar m\u00e6ta \u00e1 vi\u00f0bur\u00f0i sk\u00f3lans \u00fe\u00f3 \u00feeir eigi ekki b\u00f6rn \u00ed sk\u00f3lanum.<\/p>\n","protected":false},"excerpt":{"rendered":"<p>Saga sk\u00f3lans \u00d3formleg barnakennsla h\u00f3fst h\u00e9r \u00ed \u00d6r\u00e6fum \u00e1ri\u00f0 1888 en formlegur barnask\u00f3li \u00ed sveitinni h\u00f3fst \u00e1ri\u00f0 1891 og hefur starfa\u00f0 a\u00f0 mestu samfellt s\u00ed\u00f0an. Sk\u00f3linn var me\u00f0 farsk\u00f3lafyrirkomulagi fram til \u00e1rsins 1948. Haf\u00f0i hann \u00fe\u00e1 lengi veri\u00f0 me\u00f0 6 m\u00e1na\u00f0a starfst\u00edma \u00e1 \u00e1ri, en tv\u00edskiptur, \u00feannig a\u00f0 n\u00e1mst\u00edmi hvers nemanda var 3 m\u00e1nu\u00f0ir. \u00c1ri\u00f0 1948 var farsk\u00f3linn lag\u00f0ur ni\u00f0ur og tekinn upp fastur sk\u00f3li \u00e1 Hofi \u00ed n\u00fdju fundarh\u00fasi \u00e1 Grundinni \u00e1 Hofi sem einnig var f\u00e9lagsheimili sveitarinnar. \u00cd daglegu tali var sk\u00f3linn nefndur Hofssk\u00f3li. 30. n\u00f3vember 1985 var n\u00fdbygg\u00f0ur Hofgar\u00f0ur v\u00edg\u00f0ur, og sk\u00f3lastarfsemin flutt \u00feanga\u00f0. Flj\u00f3tlega hlaut sk\u00f3linn formlegt nafn, Grunnsk\u00f3linn \u00ed Hofgar\u00f0i. Hofgar\u00f0ur er jafnframt f\u00e9lagsheimili sveitarinnar og h\u00fdsir \u00fdmsa starfsemi, m.a. heilsug\u00e6slusel og b\u00f3kasafn. Fram til \u00e1rsins 1965 komu b\u00f6rnin a\u00f0 jafna\u00f0i ekki fyrr en 10 \u00e1ra \u00ed sk\u00f3lann. Fr\u00e6\u00f0sluskylda haf\u00f0i \u00fe\u00f3 alllengi veri\u00f0 mi\u00f0u\u00f0 vi\u00f0 7 \u00e1ra aldur. B\u00f6rn 7-10 \u00e1ra nutu heiman\u00e1ms og m\u00e6ttu til vorpr\u00f3fs. Samg\u00f6ngur voru ekki au\u00f0veldar um sveitina \u00e1 \u00feessum t\u00edma, og \u00feau sk\u00f3lab\u00f6rn, sem \u00e1ttu heima annars sta\u00f0ar en \u00e1 Hofi voru vistu\u00f0 \u00fear \u00e1 b\u00e6jum, en heimavist var aldrei vi\u00f0 sk\u00f3lann. Upp \u00far 1960 var tekinn upp daglegur akstur til og fr\u00e1 sk\u00f3la, \u00fe\u00f3 ekki fr\u00e1 Skaftafelli fyrr en 1969. \u00c1 \u00e1runum 1950-1964 var unglingadeild vi\u00f0 sk\u00f3lann hluta \u00far vetri, \u00fear sem kenndar voru valdar n\u00e1msgreinar, a\u00f0allega \u00edslenska og reikningur, og stundum handverk. Fullna\u00f0arpr\u00f3fi\u00f0 gilti sem lokapr\u00f3f \u00far sk\u00f3lanum til vorsins 1969, en nemendur t\u00f3ku \u00fea\u00f0 fermingarvori\u00f0, 14 \u00e1ra. Eftir 1969 gilti barnapr\u00f3f, sem nemendur t\u00f3ku 13 \u00e1ra og svo t\u00f3k Nesjask\u00f3li vi\u00f0, sem unglingask\u00f3li fyrir alla sveitahreppa \u00ed Austur-Skaftafellss\u00fdslu me\u00f0 1. og 2. bekk, sem jafngiltu 8. og 9. bekk eftir a\u00f0 bekkjarskipulaginu var breytt, og grunnsk\u00f3linn var ger\u00f0ur a\u00f0 10 bekkjum \u00ed samfelldu n\u00e1mi. H\u00e9lst s\u00fa skipan a\u00f0 nemendur \u00far \u00d6r\u00e6fum t\u00e6kju unglingabekkina \u00ed Nesjask\u00f3la \u00fear til \u00fe\u00e6r breytingar ur\u00f0u \u00ed Hornafir\u00f0i 1996 a\u00f0 Heppusk\u00f3li anna\u00f0ist menntun allra unglinga s\u00fdslunnar. Unglingarnir \u00far sveitunum h\u00f6f\u00f0u \u00e1fram a\u00f0gang a\u00f0 heimavist \u00ed Nesjask\u00f3la en voru \u00ed daglegum akstri \u00ed Heppusk\u00f3la. Heimavistin var flutt \u00e1 H\u00f6fn \u00e1ri\u00f0 2005 og starfa\u00f0i til \u00e1rsins 2012, \u00fe\u00e1 var h\u00fan l\u00f6g\u00f0 ni\u00f0ur. Eftir \u00fea\u00f0 hafa nemendur \u00far \u00d6r\u00e6fum \u00e1tt kost \u00e1 vistunar\u00farr\u00e6\u00f0um \u00e1 heimilum H\u00f6fn \u00e1 vegum Grunnsk\u00f3la Hornafjar\u00f0ar, sem var\u00f0 til vi\u00f0 sameiningu Hafnarsk\u00f3la og Heppusk\u00f3la \u00e1 H\u00f6fn. Leiksk\u00f3ladeild var starfr\u00e6kt \u00ed Hofgar\u00f0i fr\u00e1 \u00e1rinu 1992, fyrst \u00e1 vegum foreldra en s\u00ed\u00f0ar sem ein deild \u00ed Grunnsk\u00f3lanum \u00ed Hofgar\u00f0i. Hl\u00e9 var\u00f0 \u00e1 starfsemi leiksk\u00f3lans fr\u00e1 sk\u00f3la\u00e1rinu 2009-10 \u00fev\u00ed \u00fe\u00e1 voru engin b\u00f6rn \u00e1 leiksk\u00f3laaldri b\u00fasett \u00ed \u00d6r\u00e6fum. Hausti\u00f0 2016 t\u00f3k leiksk\u00f3ladeildin aftur til starfa og f\u00e9kk leiksk\u00f3linn nafni\u00f0 Lambhagi. Fr\u00e1 \u00fev\u00ed byrja\u00f0 var a\u00f0 kenna \u00ed Hofgar\u00f0i, hefur m\u00f6tuneyti veri\u00f0 starfr\u00e6kt vi\u00f0 grunnsk\u00f3lann og fr\u00e1 2004 einnig fyrir leiksk\u00f3ladeild \u00feegar h\u00fan er. Eftir a\u00f0 sund var\u00f0 skyldun\u00e1msgrein \u00ed barnask\u00f3lum, kenndi P\u00e1ll Bj\u00f6rnsson \u00e1 Fagurh\u00f3lsm\u00fdri sund \u00ed nokkur \u00e1r \u00ed heimasundlaug. S\u00ed\u00f0ar s\u00f3ttu nemendur sundn\u00e1mskei\u00f0 lengst af til Hafnar, en vori\u00f0 1986 s\u00f3ttu nemendur \u00ed fyrsta sinn sundn\u00e1mskei\u00f0 \u00e1 Kirkjub\u00e6jarklaustri og var \u00fe\u00e1 eki\u00f0 fram og til baka. \u00c1ri\u00f0 1994 var komi\u00f0 upp sundlaug \u00ed Sv\u00ednafelli, Flosalaug, og var h\u00fan starfr\u00e6kt til haustsins 2010. \u00c1 \u00fev\u00ed t\u00edmabili hafa nemendur l\u00e6rt sund \u00fear hj\u00e1 a\u00f0komusundkennara. \u00deegar t\u00e6kif\u00e6ri gefast er fari\u00f0 \u00ed sund me\u00f0 sk\u00f3lab\u00f6rnin \u00e1 \u00f6\u00f0rum t\u00edma. S\u00ed\u00f0an vori\u00f0 2011 hefur sundi\u00f0 veri\u00f0 kennt \u00e1 n\u00e1mskei\u00f0i \u00e1 H\u00f6fn. \u00c1vallt hefur veri\u00f0 gott samstarf milli sk\u00f3lans annars vegar og foreldra og annarra sveitunga hins vegar. F\u00e9lagsl\u00edf sk\u00f3lans hefur noti\u00f0 g\u00f3\u00f0s af \u00feessu samstarfi og margir \u00edb\u00faar m\u00e6ta \u00e1 vi\u00f0bur\u00f0i sk\u00f3lans \u00fe\u00f3 \u00feeir eigi ekki b\u00f6rn \u00ed sk\u00f3lanum.<\/p>\n","protected":false},"author":1,"featured_media":0,"parent":2732,"menu_order":1,"comment_status":"closed","ping_status":"closed","template":"","meta":[],"_links":{"self":[{"href":"https:\/\/hofgardur.is\/index.php?rest_route=\/wp\/v2\/pages\/2736"}],"collection":[{"href":"https:\/\/hofgardur.is\/index.php?rest_route=\/wp\/v2\/pages"}],"about":[{"href":"https:\/\/hofgardur.is\/index.php?rest_route=\/wp\/v2\/types\/page"}],"author":[{"embeddable":true,"href":"https:\/\/hofgardur.is\/index.php?rest_route=\/wp\/v2\/users\/1"}],"replies":[{"embeddable":true,"href":"https:\/\/hofgardur.is\/index.php?rest_route=%2Fwp%2Fv2%2Fcomments&post=2736"}],"version-history":[{"count":12,"href":"https:\/\/hofgardur.is\/index.php?rest_route=\/wp\/v2\/pages\/2736\/revisions"}],"predecessor-version":[{"id":4293,"href":"https:\/\/hofgardur.is\/index.php?rest_route=\/wp\/v2\/pages\/2736\/revisions\/4293"}],"up":[{"embeddable":true,"href":"https:\/\/hofgardur.is\/index.php?rest_route=\/wp\/v2\/pages\/2732"}],"wp:attachment":[{"href":"https:\/\/hofgardur.is\/index.php?rest_route=%2Fwp%2Fv2%2Fmedia&parent=2736"}],"curies":[{"name":"wp","href":"https:\/\/api.w.org\/{rel}","templated":true}]}}