{"id":2746,"date":"2012-11-11T15:47:58","date_gmt":"2012-11-11T15:47:58","guid":{"rendered":"http:\/\/nordicasoftware.com\/?page_id=2746"},"modified":"2024-08-07T14:54:05","modified_gmt":"2024-08-07T14:54:05","slug":"serstada-skolans","status":"publish","type":"page","link":"https:\/\/hofgardur.is\/?page_id=2746","title":{"rendered":"S\u00e9rsta\u00f0a sk\u00f3lans"},"content":{"rendered":"<h1 class=\"titill\">S\u00e9rsta\u00f0a sk\u00f3lans<\/h1>\n<div class=\"titill\"><\/div>\n<p>S\u00e9rsta\u00f0a sk\u00f3lans markast af sta\u00f0setningu hans og \u00fev\u00ed f\u00e1g\u00e6ta umhverfi sem hann er \u00ed milli tveggja sanda: Skei\u00f0ar\u00e1rsands \u00ed vestri og Brei\u00f0amerkursands \u00ed austri, sunnan undir st\u00e6rsta j\u00f6kli landsins. Sk\u00f3linn \u00fej\u00f3nar sveitinni \u00d6r\u00e6fum. Milli austasta b\u00e6jarins Kv\u00edskerja og vestasta b\u00e6jarins Skaftafells eru u.\u00fe.b 45 k\u00edl\u00f3metrar og \u00e1ri\u00f0 2012 telur sveitin um 67 \u00edb\u00faa. \u00cdb\u00faar sveitarinnar hafa vanist \u00fev\u00ed \u00ed gegnum t\u00ed\u00f0ina a\u00f0 bjarga s\u00e9r sj\u00e1lfir \u00fev\u00ed langt er \u00ed n\u00e6stu \u00fe\u00e9ttb\u00fdlissta\u00f0i og samg\u00f6ngur oft erfi\u00f0ar \u00fe\u00f3 vissulega hafi \u00fear or\u00f0i\u00f0 miklar breytingar s\u00ed\u00f0ustu \u00e1ratugi. A\u00f0al atvinnugrein sveitarinnar hefur lengi veri\u00f0 landb\u00fana\u00f0ur en \u00e1 s\u00ed\u00f0ustu \u00e1rum hefur fer\u00f0a\u00fej\u00f3nusta veri\u00f0 vaxandi og er or\u00f0in mikill drifkraftur \u00ed samf\u00e9laginu samhli\u00f0a landb\u00fana\u00f0i. \u00c1 \u00feessum \u00fe\u00e1ttum byggist s\u00e9rsta\u00f0a sk\u00f3lans. Mikil \u00e1hersla er l\u00f6g\u00f0 \u00e1 tengslin vi\u00f0 hina st\u00f3rbrotnu n\u00e1tt\u00faru \u00ed heimabygg\u00f0, a\u00f0 leyfa nemendum a\u00f0 nj\u00f3ta hennar og fr\u00e6\u00f0ast m.a. \u00ed vettvangsfer\u00f0um og verkefnum tengdum \u00feeim.<\/p>\n<p>Grunnsk\u00f3linn \u00ed Hofgar\u00f0i er f\u00e1mennur samkennslusk\u00f3li og hefur lengst af veri\u00f0 fyrir 1.-7. bekk sem skiptist \u00ed tv\u00e6r bekkjardeildir. N\u00fa geta nemendur \u00ed\u00a0 8. \u2013 10. bekk vali\u00f0 hvort \u00feeir stunda n\u00e1mi\u00f0 \u00ed Grunnsk\u00f3lanum \u00ed Hofgar\u00f0i e\u00f0a \u00ed Grunnsk\u00f3la Hornafjar\u00f0ar.<\/p>\n<p>L\u00f6g\u00f0 er \u00e1hersla \u00e1 g\u00f3\u00f0a samvinnu vi\u00f0 Grunnsk\u00f3la Hornafjar\u00f0ar, t.d. me\u00f0 \u00fe\u00e1ttt\u00f6ku nemenda h\u00e9\u00f0an \u00ed vettvangsfer\u00f0um \u00feeirra.<\/p>\n<p>H\u00fasn\u00e6\u00f0i sk\u00f3lans er um 500m<sup>2 <\/sup>og hefur m\u00f6guleika \u00e1 n\u00fdtingu sem sk\u00f3li, leiksk\u00f3li, b\u00f3kasafn, f\u00e9lagsheimili. Sk\u00f3lal\u00f3\u00f0in er afgirt og \u00e1 henni er f\u00f3tboltav\u00f6llur, leikt\u00e6ki og st\u00f3rt leiksv\u00e6\u00f0i.<\/p>\n","protected":false},"excerpt":{"rendered":"<p>S\u00e9rsta\u00f0a sk\u00f3lans S\u00e9rsta\u00f0a sk\u00f3lans markast af sta\u00f0setningu hans og \u00fev\u00ed f\u00e1g\u00e6ta umhverfi sem hann er \u00ed milli tveggja sanda: Skei\u00f0ar\u00e1rsands \u00ed vestri og Brei\u00f0amerkursands \u00ed austri, sunnan undir st\u00e6rsta j\u00f6kli landsins. Sk\u00f3linn \u00fej\u00f3nar sveitinni \u00d6r\u00e6fum. Milli austasta b\u00e6jarins Kv\u00edskerja og vestasta b\u00e6jarins Skaftafells eru u.\u00fe.b 45 k\u00edl\u00f3metrar og \u00e1ri\u00f0 2012 telur sveitin um 67 \u00edb\u00faa. \u00cdb\u00faar sveitarinnar hafa vanist \u00fev\u00ed \u00ed gegnum t\u00ed\u00f0ina a\u00f0 bjarga s\u00e9r sj\u00e1lfir \u00fev\u00ed langt er \u00ed n\u00e6stu \u00fe\u00e9ttb\u00fdlissta\u00f0i og samg\u00f6ngur oft erfi\u00f0ar \u00fe\u00f3 vissulega hafi \u00fear or\u00f0i\u00f0 miklar breytingar s\u00ed\u00f0ustu \u00e1ratugi. A\u00f0al atvinnugrein sveitarinnar hefur lengi veri\u00f0 landb\u00fana\u00f0ur en \u00e1 s\u00ed\u00f0ustu \u00e1rum hefur fer\u00f0a\u00fej\u00f3nusta veri\u00f0 vaxandi og er or\u00f0in mikill drifkraftur \u00ed samf\u00e9laginu samhli\u00f0a landb\u00fana\u00f0i. \u00c1 \u00feessum \u00fe\u00e1ttum byggist s\u00e9rsta\u00f0a sk\u00f3lans. Mikil \u00e1hersla er l\u00f6g\u00f0 \u00e1 tengslin vi\u00f0 hina st\u00f3rbrotnu n\u00e1tt\u00faru \u00ed heimabygg\u00f0, a\u00f0 leyfa nemendum a\u00f0 nj\u00f3ta hennar og fr\u00e6\u00f0ast m.a. \u00ed vettvangsfer\u00f0um og verkefnum tengdum \u00feeim. Grunnsk\u00f3linn \u00ed Hofgar\u00f0i er f\u00e1mennur samkennslusk\u00f3li og hefur lengst af veri\u00f0 fyrir 1.-7. bekk sem skiptist \u00ed tv\u00e6r bekkjardeildir. N\u00fa geta nemendur \u00ed\u00a0 8. \u2013 10. bekk vali\u00f0 hvort \u00feeir stunda n\u00e1mi\u00f0 \u00ed Grunnsk\u00f3lanum \u00ed Hofgar\u00f0i e\u00f0a \u00ed Grunnsk\u00f3la Hornafjar\u00f0ar. L\u00f6g\u00f0 er \u00e1hersla \u00e1 g\u00f3\u00f0a samvinnu vi\u00f0 Grunnsk\u00f3la Hornafjar\u00f0ar, t.d. me\u00f0 \u00fe\u00e1ttt\u00f6ku nemenda h\u00e9\u00f0an \u00ed vettvangsfer\u00f0um \u00feeirra. H\u00fasn\u00e6\u00f0i sk\u00f3lans er um 500m2 og hefur m\u00f6guleika \u00e1 n\u00fdtingu sem sk\u00f3li, leiksk\u00f3li, b\u00f3kasafn, f\u00e9lagsheimili. Sk\u00f3lal\u00f3\u00f0in er afgirt og \u00e1 henni er f\u00f3tboltav\u00f6llur, leikt\u00e6ki og st\u00f3rt leiksv\u00e6\u00f0i.<\/p>\n","protected":false},"author":1,"featured_media":0,"parent":2732,"menu_order":3,"comment_status":"closed","ping_status":"closed","template":"","meta":[],"_links":{"self":[{"href":"https:\/\/hofgardur.is\/index.php?rest_route=\/wp\/v2\/pages\/2746"}],"collection":[{"href":"https:\/\/hofgardur.is\/index.php?rest_route=\/wp\/v2\/pages"}],"about":[{"href":"https:\/\/hofgardur.is\/index.php?rest_route=\/wp\/v2\/types\/page"}],"author":[{"embeddable":true,"href":"https:\/\/hofgardur.is\/index.php?rest_route=\/wp\/v2\/users\/1"}],"replies":[{"embeddable":true,"href":"https:\/\/hofgardur.is\/index.php?rest_route=%2Fwp%2Fv2%2Fcomments&post=2746"}],"version-history":[{"count":8,"href":"https:\/\/hofgardur.is\/index.php?rest_route=\/wp\/v2\/pages\/2746\/revisions"}],"predecessor-version":[{"id":5002,"href":"https:\/\/hofgardur.is\/index.php?rest_route=\/wp\/v2\/pages\/2746\/revisions\/5002"}],"up":[{"embeddable":true,"href":"https:\/\/hofgardur.is\/index.php?rest_route=\/wp\/v2\/pages\/2732"}],"wp:attachment":[{"href":"https:\/\/hofgardur.is\/index.php?rest_route=%2Fwp%2Fv2%2Fmedia&parent=2746"}],"curies":[{"name":"wp","href":"https:\/\/api.w.org\/{rel}","templated":true}]}}