{"id":2755,"date":"2012-11-11T15:49:55","date_gmt":"2012-11-11T15:49:55","guid":{"rendered":"http:\/\/nordicasoftware.com\/?page_id=2755"},"modified":"2012-11-12T13:35:27","modified_gmt":"2012-11-12T13:35:27","slug":"menning-og-samfelag","status":"publish","type":"page","link":"https:\/\/hofgardur.is\/?page_id=2755","title":{"rendered":"Menning og samf\u00e9lag"},"content":{"rendered":"<h1 class=\"titill\">Menning og samf\u00e9lag<\/h1>\n<div class=\"titill\"><\/div>\n<p>Starf sk\u00f3lans skal tengjast samf\u00e9lagi okkar og menningu en um lei\u00f0 skal sk\u00f3linn r\u00e6kta sj\u00e1lfst\u00e6\u00f0i sitt og s\u00e9rst\u00f6\u00f0u. Menning annarra \u00fej\u00f3\u00f0a er kynnt eftir \u00fev\u00ed sem n\u00e1msefni og a\u00f0st\u00e6\u00f0ur bj\u00f3\u00f0a upp \u00e1 og l\u00f6g\u00f0 \u00e1hersla \u00e1 a\u00f0 s\u00fdna henni vir\u00f0ingu.<\/p>\n<p>\u00cdslensk menning er \u00fe\u00f3 h\u00f6f\u00f0 \u00ed \u00f6ndvegi og leitast vi\u00f0 a\u00f0 r\u00e6kta skaftfellska menningu. Me\u00f0 \u00fev\u00ed a\u00f0 styrkja \u00feann grunn sem vi\u00f0 byggjum \u00e1, gefum vi\u00f0 nemendum f\u00e6ri \u00e1 a\u00f0 skilja og vi\u00f0urkenna s\u00e9rst\u00f6\u00f0u annarra.<\/p>\n<p>Vettvangsheims\u00f3knir innan s\u00fdslunnar tengja n\u00e1mi\u00f0 \u00fev\u00ed sem er a\u00f0 gerast \u00ed umhverfinu. Mikilv\u00e6gustu samskipti sk\u00f3lans eru vi\u00f0 heimili barnanna.<\/p>\n<p>Lykillinn a\u00f0 \u00e1rangursr\u00edku sk\u00f3lastarfi er a\u00f0 allir \u00ed sk\u00f3lasamf\u00e9laginu beri sameiginlega \u00e1byrg\u00f0 \u00e1 velfer\u00f0 og \u00e1rangri nemenda.<\/p>\n","protected":false},"excerpt":{"rendered":"<p>Menning og samf\u00e9lag Starf sk\u00f3lans skal tengjast samf\u00e9lagi okkar og menningu en um lei\u00f0 skal sk\u00f3linn r\u00e6kta sj\u00e1lfst\u00e6\u00f0i sitt og s\u00e9rst\u00f6\u00f0u. Menning annarra \u00fej\u00f3\u00f0a er kynnt eftir \u00fev\u00ed sem n\u00e1msefni og a\u00f0st\u00e6\u00f0ur bj\u00f3\u00f0a upp \u00e1 og l\u00f6g\u00f0 \u00e1hersla \u00e1 a\u00f0 s\u00fdna henni vir\u00f0ingu. \u00cdslensk menning er \u00fe\u00f3 h\u00f6f\u00f0 \u00ed \u00f6ndvegi og leitast vi\u00f0 a\u00f0 r\u00e6kta skaftfellska menningu. Me\u00f0 \u00fev\u00ed a\u00f0 styrkja \u00feann grunn sem vi\u00f0 byggjum \u00e1, gefum vi\u00f0 nemendum f\u00e6ri \u00e1 a\u00f0 skilja og vi\u00f0urkenna s\u00e9rst\u00f6\u00f0u annarra. Vettvangsheims\u00f3knir innan s\u00fdslunnar tengja n\u00e1mi\u00f0 \u00fev\u00ed sem er a\u00f0 gerast \u00ed umhverfinu. Mikilv\u00e6gustu samskipti sk\u00f3lans eru vi\u00f0 heimili barnanna. Lykillinn a\u00f0 \u00e1rangursr\u00edku sk\u00f3lastarfi er a\u00f0 allir \u00ed sk\u00f3lasamf\u00e9laginu beri sameiginlega \u00e1byrg\u00f0 \u00e1 velfer\u00f0 og \u00e1rangri nemenda.<\/p>\n","protected":false},"author":1,"featured_media":0,"parent":2749,"menu_order":1,"comment_status":"closed","ping_status":"closed","template":"","meta":[],"_links":{"self":[{"href":"https:\/\/hofgardur.is\/index.php?rest_route=\/wp\/v2\/pages\/2755"}],"collection":[{"href":"https:\/\/hofgardur.is\/index.php?rest_route=\/wp\/v2\/pages"}],"about":[{"href":"https:\/\/hofgardur.is\/index.php?rest_route=\/wp\/v2\/types\/page"}],"author":[{"embeddable":true,"href":"https:\/\/hofgardur.is\/index.php?rest_route=\/wp\/v2\/users\/1"}],"replies":[{"embeddable":true,"href":"https:\/\/hofgardur.is\/index.php?rest_route=%2Fwp%2Fv2%2Fcomments&post=2755"}],"version-history":[{"count":5,"href":"https:\/\/hofgardur.is\/index.php?rest_route=\/wp\/v2\/pages\/2755\/revisions"}],"predecessor-version":[{"id":3082,"href":"https:\/\/hofgardur.is\/index.php?rest_route=\/wp\/v2\/pages\/2755\/revisions\/3082"}],"up":[{"embeddable":true,"href":"https:\/\/hofgardur.is\/index.php?rest_route=\/wp\/v2\/pages\/2749"}],"wp:attachment":[{"href":"https:\/\/hofgardur.is\/index.php?rest_route=%2Fwp%2Fv2%2Fmedia&parent=2755"}],"curies":[{"name":"wp","href":"https:\/\/api.w.org\/{rel}","templated":true}]}}