{"id":2758,"date":"2012-11-11T15:50:21","date_gmt":"2012-11-11T15:50:21","guid":{"rendered":"http:\/\/nordicasoftware.com\/?page_id=2758"},"modified":"2024-08-21T13:54:00","modified_gmt":"2024-08-21T13:54:00","slug":"skoladagatal","status":"publish","type":"page","link":"https:\/\/hofgardur.is\/?page_id=2758","title":{"rendered":"Sk\u00f3ladagatal"},"content":{"rendered":"<h1 class=\"titill\">Sk\u00f3ladagatal<\/h1>\n<div class=\"titill\"><\/div>\n<p>\u00c1 hverju vori er sk\u00f3lastarf n\u00e6sta sk\u00f3la\u00e1rs skipulagt og f\u00e6rt inn \u00e1 sk\u00f3ladagatal Grunnsk\u00f3lans \u00ed Hofgar\u00f0i sem sk\u00f3lanefnd sam\u00feykkir. Sk\u00f3ladagatal er s\u00ed\u00f0an birt \u00ed starfs\u00e1\u00e6tlun sk\u00f3lans sem er kynnt foreldrum og sk\u00f3layfirv\u00f6ldum. Sk\u00f3ladagatal mi\u00f0ast vi\u00f0 180 kennsludaga.<\/p>\n<p>H\u00e9r er tengill \u00e1 sk\u00f3ladagatali\u00f0: Sk\u00f3ladagatal Grunnsk\u00f3lans. <a href=\"http:\/\/hofgardur.is\/wp-content\/uploads\/2024\/08\/Skoladagatal-Hofgardur-2024-2025-3.pdf\">Skoladagatal Hofgardur-2024-2025<\/a><\/p>\n<p><a href=\"http:\/\/hofgardur.is\/wp-content\/uploads\/2024\/08\/leikskoladagatal-2024-2025.pdf\">leiksk\u00f3ladagatal 2024-2025<\/a> m\u00e1 finna h\u00e9r e\u00f0a me\u00f0 \u00fev\u00ed a\u00f0 smella \u00e1 leiksk\u00f3lann \u00e1 heimas\u00ed\u00f0u sk\u00f3lans.<\/p>\n","protected":false},"excerpt":{"rendered":"<p>Sk\u00f3ladagatal \u00c1 hverju vori er sk\u00f3lastarf n\u00e6sta sk\u00f3la\u00e1rs skipulagt og f\u00e6rt inn \u00e1 sk\u00f3ladagatal Grunnsk\u00f3lans \u00ed Hofgar\u00f0i sem sk\u00f3lanefnd sam\u00feykkir. Sk\u00f3ladagatal er s\u00ed\u00f0an birt \u00ed starfs\u00e1\u00e6tlun sk\u00f3lans sem er kynnt foreldrum og sk\u00f3layfirv\u00f6ldum. Sk\u00f3ladagatal mi\u00f0ast vi\u00f0 180 kennsludaga. H\u00e9r er tengill \u00e1 sk\u00f3ladagatali\u00f0: Sk\u00f3ladagatal Grunnsk\u00f3lans. Skoladagatal Hofgardur-2024-2025 leiksk\u00f3ladagatal 2024-2025 m\u00e1 finna h\u00e9r e\u00f0a me\u00f0 \u00fev\u00ed a\u00f0 smella \u00e1 leiksk\u00f3lann \u00e1 heimas\u00ed\u00f0u sk\u00f3lans.<\/p>\n","protected":false},"author":1,"featured_media":0,"parent":2732,"menu_order":2,"comment_status":"closed","ping_status":"closed","template":"","meta":[],"_links":{"self":[{"href":"https:\/\/hofgardur.is\/index.php?rest_route=\/wp\/v2\/pages\/2758"}],"collection":[{"href":"https:\/\/hofgardur.is\/index.php?rest_route=\/wp\/v2\/pages"}],"about":[{"href":"https:\/\/hofgardur.is\/index.php?rest_route=\/wp\/v2\/types\/page"}],"author":[{"embeddable":true,"href":"https:\/\/hofgardur.is\/index.php?rest_route=\/wp\/v2\/users\/1"}],"replies":[{"embeddable":true,"href":"https:\/\/hofgardur.is\/index.php?rest_route=%2Fwp%2Fv2%2Fcomments&post=2758"}],"version-history":[{"count":25,"href":"https:\/\/hofgardur.is\/index.php?rest_route=\/wp\/v2\/pages\/2758\/revisions"}],"predecessor-version":[{"id":5018,"href":"https:\/\/hofgardur.is\/index.php?rest_route=\/wp\/v2\/pages\/2758\/revisions\/5018"}],"up":[{"embeddable":true,"href":"https:\/\/hofgardur.is\/index.php?rest_route=\/wp\/v2\/pages\/2732"}],"wp:attachment":[{"href":"https:\/\/hofgardur.is\/index.php?rest_route=%2Fwp%2Fv2%2Fmedia&parent=2758"}],"curies":[{"name":"wp","href":"https:\/\/api.w.org\/{rel}","templated":true}]}}