{"id":2762,"date":"2012-11-11T15:50:45","date_gmt":"2012-11-11T15:50:45","guid":{"rendered":"http:\/\/nordicasoftware.com\/?page_id=2762"},"modified":"2021-01-18T16:41:19","modified_gmt":"2021-01-18T16:41:19","slug":"mat-a-skolastarfi","status":"publish","type":"page","link":"https:\/\/hofgardur.is\/?page_id=2762","title":{"rendered":"Mat \u00e1 sk\u00f3lastarfi"},"content":{"rendered":"<h1 class=\"titill\">Mat \u00e1 sk\u00f3lastarfi<\/h1>\n<div class=\"titill\"><\/div>\n<p>\u00cd l\u00f6gum um grunnsk\u00f3la fr\u00e1 2008 eru \u00e1kv\u00e6\u00f0i um innra mat og ytra mat \u00e1 sk\u00f3lastarfi. \u00c1 s\u00ed\u00f0ustu \u00e1rum hefur veri\u00f0 l\u00f6g\u00f0 aukin \u00e1hersla \u00e1 skipulegt mat \u00e1 sk\u00f3lastarfinu \u00ed Hofgar\u00f0i til a\u00f0 finna hvar styrkur og veikleiki sk\u00f3lans liggur. \u00cd framhaldi af sj\u00e1lfsmati er s\u00ed\u00f0an unnin \u00fer\u00f3unar- og umb\u00f3ta\u00e1\u00e6tlun fyrir sk\u00f3lann. Byrja\u00f0 var a\u00f0 vinna eftir sj\u00e1lfsmats\u00e1\u00e6tlun hausti\u00f0 2003 og var h\u00fan kynnt foreldrum og starfsm\u00f6nnum \u00ed lok okt\u00f3ber 2003. Sk\u00f3lastarf \u00ed samkennslusk\u00f3la er \u00ed samfelldri \u00fer\u00f3un og kennsluh\u00e6ttir og val n\u00e1msefnis tekur gjarnan mi\u00f0 af samkennslunni og nemendafj\u00f6lda hverju sinni. \u00dev\u00ed er samfellt mat \u00e1 sk\u00f3lastarfi, \u00e1rangri nemenda, kennslutilh\u00f6gun, val \u00e1 n\u00e1msefni og l\u00ed\u00f0an nemenda \u00ed sk\u00f3lanum ekki s\u00ed\u00f0ur mikilv\u00e6gt \u00ed f\u00e1mennum sk\u00f3la en st\u00f3rum \u00e1rgangaskiptum sk\u00f3lum.<\/p>\n<p>Sj\u00e1lfsmatssk\u00fdrslu 2020-2021 m\u00e1 n\u00e1lgast h\u00e9r:\u00a0<a href=\"http:\/\/hofgardur.is\/wp-content\/uploads\/2021\/01\/Sj\u00e1lfsmats-sk\u00fdrsla-2020-21.pdf\">Sj\u00e1lfsmats sk\u00fdrsla 2020-21<\/a><\/p>\n<p>Sj\u00e1lfsmatssk\u00fdrslu 2019-2020 m\u00e1 n\u00e1lgast h\u00e9r:\u00a0<a href=\"http:\/\/hofgardur.is\/wp-content\/uploads\/2020\/04\/Sj\u00e1lfsmats-sk\u00fdrsla-2019-20.pdf\">Sj\u00e1lfsmats sk\u00fdrsla 2019-20<\/a><\/p>\n<p>Ytra mat sk\u00f3lans 2020 m\u00e1 n\u00e1lgast h\u00e9r:\u00a0<a href=\"http:\/\/hofgardur.is\/wp-content\/uploads\/2020\/05\/Matssk\u00fdrsla-Hofgar\u00f0ur-ytra-mat.pdf\">Matssk\u00fdrsla Hofgar\u00f0ur ytra mat<\/a><\/p>\n<p>Sj\u00e1lfsmatssk\u00fdrslu 2016-2017 m\u00e1 n\u00e1lgast h\u00e9r: <a href=\"http:\/\/hofgardur.is\/wp-content\/uploads\/2017\/11\/sjalfsmatsskyrsla2016-2017-1.pdf\" target=\"_blank\" rel=\"noopener\">Sj\u00e1lfsmatssk\u00fdrsla 2016-2017<\/a><\/p>\n<p>Sj\u00e1lfsmatssk\u00fdrslu 2015-2016 m\u00e1 n\u00e1lgast h\u00e9r: <a href=\"http:\/\/hofgardur.is\/wp-content\/uploads\/2016\/05\/sjalfsmatsskyrsla2015-2016.pdf\" target=\"_blank\" rel=\"noopener\">Sj\u00e1lfsmatssk\u00fdrsla 2015-2016<\/a><\/p>\n<p>Sj\u00e1lfsmatssk\u00fdrslu 2014-2015 m\u00e1 n\u00e1lgast h\u00e9r: <a href=\"http:\/\/hofgardur.is\/wp-content\/uploads\/2015\/11\/sjalfsmatsskyrsla2014-2015.pdf\" target=\"_blank\" rel=\"noopener\">Sj\u00e1lfsmatssk\u00fdrsla 2014-2015<\/a><\/p>\n<p>Sj\u00e1lfsmats\u00e1\u00e6tlun m\u00e1 n\u00e1lgast h\u00e9r: <a href=\"http:\/\/hofgardur.is\/wp-content\/uploads\/2019\/12\/Innra-mat-sk\u00f3lans.pdf\">Innra mat sk\u00f3lans<\/a><\/p>\n<p>&nbsp;<\/p>\n","protected":false},"excerpt":{"rendered":"<p>Mat \u00e1 sk\u00f3lastarfi \u00cd l\u00f6gum um grunnsk\u00f3la fr\u00e1 2008 eru \u00e1kv\u00e6\u00f0i um innra mat og ytra mat \u00e1 sk\u00f3lastarfi. \u00c1 s\u00ed\u00f0ustu \u00e1rum hefur veri\u00f0 l\u00f6g\u00f0 aukin \u00e1hersla \u00e1 skipulegt mat \u00e1 sk\u00f3lastarfinu \u00ed Hofgar\u00f0i til a\u00f0 finna hvar styrkur og veikleiki sk\u00f3lans liggur. \u00cd framhaldi af sj\u00e1lfsmati er s\u00ed\u00f0an unnin \u00fer\u00f3unar- og umb\u00f3ta\u00e1\u00e6tlun fyrir sk\u00f3lann. Byrja\u00f0 var a\u00f0 vinna eftir sj\u00e1lfsmats\u00e1\u00e6tlun hausti\u00f0 2003 og var h\u00fan kynnt foreldrum og starfsm\u00f6nnum \u00ed lok okt\u00f3ber 2003. Sk\u00f3lastarf \u00ed samkennslusk\u00f3la er \u00ed samfelldri \u00fer\u00f3un og kennsluh\u00e6ttir og val n\u00e1msefnis tekur gjarnan mi\u00f0 af samkennslunni og nemendafj\u00f6lda hverju sinni. \u00dev\u00ed er samfellt mat \u00e1 sk\u00f3lastarfi, \u00e1rangri nemenda, kennslutilh\u00f6gun, val \u00e1 n\u00e1msefni og l\u00ed\u00f0an nemenda \u00ed sk\u00f3lanum ekki s\u00ed\u00f0ur mikilv\u00e6gt \u00ed f\u00e1mennum sk\u00f3la en st\u00f3rum \u00e1rgangaskiptum sk\u00f3lum. Sj\u00e1lfsmatssk\u00fdrslu 2020-2021 m\u00e1 n\u00e1lgast h\u00e9r:\u00a0Sj\u00e1lfsmats sk\u00fdrsla 2020-21 Sj\u00e1lfsmatssk\u00fdrslu 2019-2020 m\u00e1 n\u00e1lgast h\u00e9r:\u00a0Sj\u00e1lfsmats sk\u00fdrsla 2019-20 Ytra mat sk\u00f3lans 2020 m\u00e1 n\u00e1lgast h\u00e9r:\u00a0Matssk\u00fdrsla Hofgar\u00f0ur ytra mat Sj\u00e1lfsmatssk\u00fdrslu 2016-2017 m\u00e1 n\u00e1lgast h\u00e9r: Sj\u00e1lfsmatssk\u00fdrsla 2016-2017 Sj\u00e1lfsmatssk\u00fdrslu 2015-2016 m\u00e1 n\u00e1lgast h\u00e9r: Sj\u00e1lfsmatssk\u00fdrsla 2015-2016 Sj\u00e1lfsmatssk\u00fdrslu 2014-2015 m\u00e1 n\u00e1lgast h\u00e9r: Sj\u00e1lfsmatssk\u00fdrsla 2014-2015 Sj\u00e1lfsmats\u00e1\u00e6tlun m\u00e1 n\u00e1lgast h\u00e9r: Innra mat sk\u00f3lans &nbsp;<\/p>\n","protected":false},"author":1,"featured_media":0,"parent":2749,"menu_order":3,"comment_status":"closed","ping_status":"closed","template":"","meta":[],"_links":{"self":[{"href":"https:\/\/hofgardur.is\/index.php?rest_route=\/wp\/v2\/pages\/2762"}],"collection":[{"href":"https:\/\/hofgardur.is\/index.php?rest_route=\/wp\/v2\/pages"}],"about":[{"href":"https:\/\/hofgardur.is\/index.php?rest_route=\/wp\/v2\/types\/page"}],"author":[{"embeddable":true,"href":"https:\/\/hofgardur.is\/index.php?rest_route=\/wp\/v2\/users\/1"}],"replies":[{"embeddable":true,"href":"https:\/\/hofgardur.is\/index.php?rest_route=%2Fwp%2Fv2%2Fcomments&post=2762"}],"version-history":[{"count":12,"href":"https:\/\/hofgardur.is\/index.php?rest_route=\/wp\/v2\/pages\/2762\/revisions"}],"predecessor-version":[{"id":4441,"href":"https:\/\/hofgardur.is\/index.php?rest_route=\/wp\/v2\/pages\/2762\/revisions\/4441"}],"up":[{"embeddable":true,"href":"https:\/\/hofgardur.is\/index.php?rest_route=\/wp\/v2\/pages\/2749"}],"wp:attachment":[{"href":"https:\/\/hofgardur.is\/index.php?rest_route=%2Fwp%2Fv2%2Fmedia&parent=2762"}],"curies":[{"name":"wp","href":"https:\/\/api.w.org\/{rel}","templated":true}]}}