{"id":4160,"date":"2016-11-15T08:31:07","date_gmt":"2016-11-15T08:31:07","guid":{"rendered":"http:\/\/hofgardur.is\/?page_id=4160"},"modified":"2024-09-17T15:47:49","modified_gmt":"2024-09-17T15:47:49","slug":"skolarad","status":"publish","type":"page","link":"https:\/\/hofgardur.is\/?page_id=4160","title":{"rendered":"Sk\u00f3lar\u00e1\u00f0"},"content":{"rendered":"<h1 class=\"titill\">Sk\u00f3lar\u00e1\u00f0 Leik- og grunnsk\u00f3lans \u00ed Hofgar\u00f0i<\/h1>\n<h1 class=\"titill\">2024-2025<\/h1>\n<p>\u00c1r\u00f3ra G\u00fastafsd\u00f3ttir, sk\u00f3lastj\u00f3ri<\/p>\n<p>Eyr\u00fan Halla J\u00f3nsd\u00f3ttir, foreldri grunnsk\u00f3labarns<\/p>\n<p>Gu\u00f0mundur \u00de\u00f3r\u00f0arson, foreldri grunnsk\u00f3labarns<\/p>\n<p>Peter \u00c5lander, foreldri leiksk\u00f3labarns<\/p>\n<p>Sophia Fingerhut, kennari<\/p>\n<p>Lov\u00edsa Fanney \u00c1rnad\u00f3ttir, deildarstj\u00f3ri Leiksk\u00f3lans Lambhaga<\/p>\n<p>Til vara: Halld\u00f3ra Oddsd\u00f3ttir, afleysingar<\/p>\n","protected":false},"excerpt":{"rendered":"<p>Sk\u00f3lar\u00e1\u00f0 Leik- og grunnsk\u00f3lans \u00ed Hofgar\u00f0i 2024-2025 \u00c1r\u00f3ra G\u00fastafsd\u00f3ttir, sk\u00f3lastj\u00f3ri Eyr\u00fan Halla J\u00f3nsd\u00f3ttir, foreldri grunnsk\u00f3labarns Gu\u00f0mundur \u00de\u00f3r\u00f0arson, foreldri grunnsk\u00f3labarns Peter \u00c5lander, foreldri leiksk\u00f3labarns Sophia Fingerhut, kennari Lov\u00edsa Fanney \u00c1rnad\u00f3ttir, deildarstj\u00f3ri Leiksk\u00f3lans Lambhaga Til vara: Halld\u00f3ra Oddsd\u00f3ttir, afleysingar<\/p>\n","protected":false},"author":1,"featured_media":0,"parent":2732,"menu_order":0,"comment_status":"closed","ping_status":"open","template":"","meta":[],"_links":{"self":[{"href":"https:\/\/hofgardur.is\/index.php?rest_route=\/wp\/v2\/pages\/4160"}],"collection":[{"href":"https:\/\/hofgardur.is\/index.php?rest_route=\/wp\/v2\/pages"}],"about":[{"href":"https:\/\/hofgardur.is\/index.php?rest_route=\/wp\/v2\/types\/page"}],"author":[{"embeddable":true,"href":"https:\/\/hofgardur.is\/index.php?rest_route=\/wp\/v2\/users\/1"}],"replies":[{"embeddable":true,"href":"https:\/\/hofgardur.is\/index.php?rest_route=%2Fwp%2Fv2%2Fcomments&post=4160"}],"version-history":[{"count":11,"href":"https:\/\/hofgardur.is\/index.php?rest_route=\/wp\/v2\/pages\/4160\/revisions"}],"predecessor-version":[{"id":5019,"href":"https:\/\/hofgardur.is\/index.php?rest_route=\/wp\/v2\/pages\/4160\/revisions\/5019"}],"up":[{"embeddable":true,"href":"https:\/\/hofgardur.is\/index.php?rest_route=\/wp\/v2\/pages\/2732"}],"wp:attachment":[{"href":"https:\/\/hofgardur.is\/index.php?rest_route=%2Fwp%2Fv2%2Fmedia&parent=4160"}],"curies":[{"name":"wp","href":"https:\/\/api.w.org\/{rel}","templated":true}]}}